{"id":11,"date":"2013-05-09T00:51:34","date_gmt":"2013-05-08T23:51:34","guid":{"rendered":"http:\/\/joseph-bruno.fr\/?page_id=11"},"modified":"2024-05-07T10:09:20","modified_gmt":"2024-05-07T09:09:20","slug":"mentions-legales","status":"publish","type":"page","link":"http:\/\/joseph-bruno.fr\/?page_id=11","title":{"rendered":"Mentions l\u00e9gales"},"content":{"rendered":"<p style=\"text-align: center;\"><em><strong>Derni\u00e8re mise \u00e0 jour : 09\/05\/2013<\/strong><\/em><\/p>\n<p><strong>1 \u2013 Informations L\u00e9gales<\/strong><\/p>\n<p>Conform\u00e9ment aux dispositions des articles 6-III et 19 de la loi pour la Confiance dans l\u2019\u00c9conomie Num\u00e9rique, nous vous informons que :<\/p>\n<p>Le pr\u00e9sent site web est \u00e9dit\u00e9 par :<\/p>\n<p><strong>Bruno JOSEPH<\/strong><br \/>\n<strong>3025 route Dame H\u00e9l\u00e8ne<\/strong><br \/>\n<strong>46170 PERN<\/strong><\/p>\n<p>Adresse de courrier \u00e9lectronique : joseph.bruno@orange.fr<br \/>\nT\u00e9l\u00e9phone : +33 6 33 60 93 69<\/p>\n<p>Je suis moi m\u00eame le directeur de la publication du site web \u00ab www.joseph-bruno.fr&nbsp;\u00bb.<\/p>\n<p>Le prestataire permettant le stockage et le maintien en ligne du site est :<\/p>\n<p><strong>OVH<\/strong><br \/>\n<strong>2 rue Kellermann<\/strong><br \/>\n<strong>59100 Roubaix<\/strong><br \/>\n<strong>(France)<\/strong><\/p>\n<p>T\u00e9l. : 09.72.10.10.12<\/p>\n<p>&nbsp;<\/p>\n<p><strong>2 \u2013 Limitation de responsabilit\u00e9<\/strong><\/p>\n<p>L\u2019utilisateur reconna\u00eet avoir pris connaissance des pr\u00e9sentes conditions d\u2019utilisation et s\u2019engage \u00e0 les respecter.<\/p>\n<p>L\u2019utilisateur du site internet \u00ab&nbsp;www.joseph-bruno.fr&nbsp;\u00bb&nbsp;reconna\u00eet disposer de la comp\u00e9tence et des moyens n\u00e9cessaires pour acc\u00e9der et utiliser ce site.<\/p>\n<p>Bruno JOSEPH met tout en \u0153uvre pour offrir aux utilisateurs des informations et\/ou des outils disponibles et v\u00e9rifi\u00e9s mais ne saurait \u00eatre tenue pour responsable des erreurs, d\u2019une absence de disponibilit\u00e9 des fonctionnalit\u00e9s et\/ou de la pr\u00e9sence de virus sur son site.<\/p>\n<p>Les informations fournies par Bruno JOSEPH le sont \u00e0 titre indicatif et ne sauraient dispenser l\u2019utilisateur d\u2019une analyse compl\u00e9mentaire et personnalis\u00e9e. Les informations ainsi que la totalit\u00e9 des pages pr\u00e9sentes sur \u00ab&nbsp;www.joseph-bruno.fr&nbsp;\u00bb&nbsp;peuvent \u00eatre modifi\u00e9es sans pr\u00e9avis.<\/p>\n<p>Bruno JOSEPH ne saurait garantir l\u2019exactitude, la compl\u00e9tude et l\u2019actualit\u00e9 des informations diffus\u00e9es sur son site.<\/p>\n<p>Par cons\u00e9quent, l\u2019utilisateur reconna\u00eet utiliser ces informations sous sa responsabilit\u00e9 exclusive.<\/p>\n<p>&nbsp;<\/p>\n<p><strong>3 \u2013 Informatique et Libert\u00e9s<\/strong><\/p>\n<p>Les traitements automatis\u00e9s de donn\u00e9es nominatives r\u00e9alis\u00e9s \u00e0 partir du site web \u00ab&nbsp;www.joseph-bruno.fr&nbsp;\u00bb&nbsp;ont \u00e9t\u00e9 trait\u00e9s en conformit\u00e9 avec les exigences de la loi n\u00b078-17 du 6 janvier 1978 modifi\u00e9e, relative \u00e0 l\u2019informatique, aux fichiers et aux libert\u00e9s.<\/p>\n<p>L\u2019utilisateur est notamment inform\u00e9 que conform\u00e9ment \u00e0 l\u2019article 32 de la loi n\u00b078-17 du 6 janvier 1978 modifi\u00e9e, relative \u00e0 l\u2019informatique, aux fichiers et aux libert\u00e9s, les informations qu\u2019il communique par le biais des formulaires pr\u00e9sents sur le site sont n\u00e9cessaires pour r\u00e9pondre \u00e0 sa demande et sont destin\u00e9es \u00e0 Bruno JOSEPH, en tant que responsable du traitement \u00e0 des fins de gestion administrative et commerciale. Par cons\u00e9quent, ces informations ne seront jamais communiqu\u00e9es \u00e0 un tiers.<\/p>\n<p>L\u2019utilisateur est inform\u00e9 qu\u2019il dispose d\u2019un droit d\u2019acc\u00e8s, d\u2019interrogation et de rectification qui lui permet, le cas \u00e9ch\u00e9ant, de faire rectifier, compl\u00e9ter, mettre \u00e0 jour, verrouiller ou effacer les donn\u00e9es personnelles le concernant qui sont inexactes, incompl\u00e8tes, \u00e9quivoques, p\u00e9rim\u00e9es ou dont la collecte, l\u2019utilisation, la communication ou la conservation est interdite.<\/p>\n<p>L\u2019utilisateur dispose \u00e9galement d\u2019un droit d\u2019opposition au traitement de ses donn\u00e9es pour des motifs l\u00e9gitimes.<\/p>\n<p>&nbsp;<\/p>\n<p><strong>4 \u2013 Cookies<\/strong><\/p>\n<p>L\u2019utilisateur est inform\u00e9 que lors de ses visites sur le site, un cookie peut s\u2019installer automatiquement sur son logiciel de navigation.<\/p>\n<p>Le cookie est un bloc de donn\u00e9es qui ne permet pas d\u2019identifier les utilisateurs mais sert \u00e0 enregistrer des informations relatives \u00e0 la navigation de celui-ci sur le site.<\/p>\n<p>Le param\u00e9trage du logiciel de navigation permet d\u2019informer de la pr\u00e9sence de cookie et \u00e9ventuellement, de la refuser de la mani\u00e8re d\u00e9crite \u00e0 l\u2019adresse suivante : www.cnil.fr.<\/p>\n<p>&nbsp;<\/p>\n<p><strong>5 \u2013 Propri\u00e9t\u00e9 intellectuelle<\/strong><\/p>\n<p>La structure g\u00e9n\u00e9rale ainsi que les textes, images anim\u00e9es ou non, savoir-faire et tous les autres \u00e9l\u00e9ments composant le site sont la propri\u00e9t\u00e9 exclusive de Bruno JOSEPH.<\/p>\n<p>Toute repr\u00e9sentation totale ou partielle de ce site par quelle que personne que ce soit, sans l\u2019autorisation de Bruno JOSEPH est interdite et constituerait une contrefa\u00e7on sanctionn\u00e9e par les articles L. 335-2 et suivants du Code de la propri\u00e9t\u00e9 intellectuelle.<\/p>\n<p>Il en est de m\u00eame des bases de donn\u00e9es figurant, le cas \u00e9ch\u00e9ant sur le site web qui sont prot\u00e9g\u00e9es par les dispositions de la loi du 1er juillet 1998 portant transposition dans le Code de la propri\u00e9t\u00e9 intellectuelle de la directive du 11 mars 1996 relative \u00e0 la protection juridique des bases de donn\u00e9es, et dont Bruno JOSEPH est producteur.<\/p>\n<p>Les utilisateurs et les visiteurs du site internet ne peuvent mettre en place un hyperlien en direction de ce site sans l\u2019autorisation pr\u00e9alable de Bruno JOSEPH.<\/p>\n<p>Bruno JOSEPH ne saurait \u00eatre responsable de l\u2019acc\u00e8s par les utilisateurs via les liens hypertextes mis en place dans le cadre du site internet en direction d\u2019autres ressources pr\u00e9sentes sur le r\u00e9seau.<\/p>\n<p>Tout litige en relation avec l\u2019utilisation du site \u00ab&nbsp;www.joseph-bruno.fr&nbsp;\u00bb&nbsp;est soumis au droit fran\u00e7ais.<\/p>\n","protected":false},"excerpt":{"rendered":"<p>Derni\u00e8re mise \u00e0 jour : 09\/05\/2013 1 \u2013 Informations L\u00e9gales Conform\u00e9ment aux dispositions des articles 6-III et 19 de la loi pour la Confiance dans l\u2019\u00c9conomie Num\u00e9rique, nous vous informons que : Le pr\u00e9sent site web est \u00e9dit\u00e9 par : &hellip; <a href=\"http:\/\/joseph-bruno.fr\/?page_id=11\">Continuer la lecture <span class=\"meta-nav\">&rarr;<\/span><\/a><\/p>\n","protected":false},"author":1,"featured_media":0,"parent":0,"menu_order":0,"comment_status":"open","ping_status":"open","template":"","meta":{"_monsterinsights_skip_tracking":false,"_monsterinsights_sitenote_active":false,"_monsterinsights_sitenote_note":"","_monsterinsights_sitenote_category":0,"ngg_post_thumbnail":0,"footnotes":""},"class_list":["post-11","page","type-page","status-publish","hentry"],"_links":{"self":[{"href":"http:\/\/joseph-bruno.fr\/index.php?rest_route=\/wp\/v2\/pages\/11"}],"collection":[{"href":"http:\/\/joseph-bruno.fr\/index.php?rest_route=\/wp\/v2\/pages"}],"about":[{"href":"http:\/\/joseph-bruno.fr\/index.php?rest_route=\/wp\/v2\/types\/page"}],"author":[{"embeddable":true,"href":"http:\/\/joseph-bruno.fr\/index.php?rest_route=\/wp\/v2\/users\/1"}],"replies":[{"embeddable":true,"href":"http:\/\/joseph-bruno.fr\/index.php?rest_route=%2Fwp%2Fv2%2Fcomments&post=11"}],"version-history":[{"count":6,"href":"http:\/\/joseph-bruno.fr\/index.php?rest_route=\/wp\/v2\/pages\/11\/revisions"}],"predecessor-version":[{"id":995,"href":"http:\/\/joseph-bruno.fr\/index.php?rest_route=\/wp\/v2\/pages\/11\/revisions\/995"}],"wp:attachment":[{"href":"http:\/\/joseph-bruno.fr\/index.php?rest_route=%2Fwp%2Fv2%2Fmedia&parent=11"}],"curies":[{"name":"wp","href":"https:\/\/api.w.org\/{rel}","templated":true}]}}