{"id":5,"date":"2013-05-09T00:40:00","date_gmt":"2013-05-08T23:40:00","guid":{"rendered":"http:\/\/joseph-bruno.fr\/?page_id=5"},"modified":"2026-02-02T11:31:05","modified_gmt":"2026-02-02T10:31:05","slug":"biographie","status":"publish","type":"page","link":"http:\/\/joseph-bruno.fr\/?page_id=5","title":{"rendered":"BIOGRAPHIE"},"content":{"rendered":"<p style=\"text-align: left;\" align=\"center\">N\u00e9 le 9 mai 1960 \u00e0 Rochefort sur mer,&nbsp; 3 enfants<\/p>\n<p>Etudes \u00e0 Cahors (\u00e9cole coll\u00e8ge et lyc\u00e9e) de 1966 \u00e0 1978<\/p>\n<p>Etudes \u00e0 l\u2019Ecole Normale de Cahors de 1980 \u00e0 1983<\/p>\n<p>Enseigne&nbsp; de 1983 \u00e0 1987 en \u00e9coles \u00e9l\u00e9mentaires \u00e0 Cahors, Promilhanes et Vers&nbsp;; puis de 1987 \u00e0 2006 en&nbsp; maternelle \u00e0 Vers, Tour de Faure, Lalbenque et Cahors.<\/p>\n<p>Ma\u00eetre formateur avec option arts visuels en 2004.<\/p>\n<p>Conseiller p\u00e9dagogique en Arts Visuels de 2006 \u00e0 2018.<\/p>\n<p>&#8230;&#8230;&#8230;&#8230;&#8230;&#8230;&#8230;&#8230;&#8230;&#8230;&#8230;&#8230;&#8230;&#8230;&#8230;&#8230;&#8230;&#8230;&#8230;&#8230;&#8230;&#8230;&#8230;&#8230;&#8230;&#8230;&#8230;&#8230;&#8230;&#8230;&#8230;&#8230;&#8230;&#8230;&#8230;.<\/p>\n<p>Premiers dessins \u00e0 l\u2019encre en 1976<\/p>\n<p>Premiers dessins expos\u00e9s en 1978<\/p>\n<p>Participations \u00e0 des expositions collectives&nbsp;:<\/p>\n<ul>\n<li>\u00e0 Souillac Lot (1982, 1983, 1984)<\/li>\n<li>\u00e0 Valderi\u00e8s Tarn (1985, 1986, 1989, 1991)<\/li>\n<li>\u00e0 Cahors \u00ab\u00a0Les peintres Lotois\u00a0\u00bb en 1983<\/li>\n<\/ul>\n<p>Tableau s\u00e9lectionn\u00e9 (St Cirq Lapopie) pour le 3<sup>\u00e8me<\/sup> salon des peintres et sculpteurs amateurs de Midi Pyr\u00e9n\u00e9es en 1984 \u00e0 Albi.<\/p>\n<p>Premi\u00e8re exposition jumel\u00e9e avec un autre peintre (Jos\u00e9 Gas) en 1983 \u00e0 l\u2019Office de Tourisme de Cahors.<\/p>\n<p>2 premi\u00e8res expositions personnelles \u00e0 la Banque Populaire et \u00e0 la MSA \u00e0 Cahors en 1984.<\/p>\n<p>Exposition \u00e0 Cabrerets (Lot) en 1990&nbsp;: sanguines et gouaches \u2026. Premi\u00e8res \u0153uvres en volume (bois)<\/p>\n<p>&#8212;&#8212;&#8212;&#8212;&#8212;&#8212;&#8212;&#8212;&#8212;&#8212;&#8212;&#8212;&#8212;&#8212;&#8212;&#8212;&#8212;&#8212;&#8212;&#8212;&#8211;<\/p>\n<p>A partir de 2001 , je travaille la pierre (de Charente, de Carennac \u2026) avec ajouts de bois<\/p>\n<p>2002 stage dans les carri\u00e8res de Port d\u2019Envaux (Charente Maritime) avec l\u2019Association&nbsp; \u00ab&nbsp;les Lapidiales&nbsp;\u00bb<\/p>\n<p>2003 participation \u00e0 l\u2019atelier de sculpture d\u2019Eric Rouvre \u00e0 Cahors (MJC)<\/p>\n<p>De &nbsp;2003 \u00e0 2006, en liaison avec cette production en volume, je travaille&nbsp; sur le th\u00e8me visages et figures au pastel sec et \u00e0 l\u2019huile \u2026<\/p>\n<p>Exposition&nbsp; printemps 2006 (3 au 27 mai) \u00e0 Castelnau Montratier (Lot) Maison Jacob<\/p>\n<p>Exposition \u00a0\u00bb biennale de sculpture \u00a0\u00bb St Alauzie &nbsp;ao\u00fbt &nbsp;2006 , 2008&nbsp; (avec &nbsp;atelier sur le site devant les visiteurs) , 2010 , 2014 et 2016 .<\/p>\n<p>Exposition salle Bal\u00e8ne \u00e0 Figeac&nbsp; juin 2007, 2008 et 2009 dans le cadre de l\u2019association Cimaise.<\/p>\n<p>2010 exposition Maison Jacob \u00e0 Castelnau-Montratier , (46) et m\u00e9diath\u00e8que de Moli\u00e8res (82)<\/p>\n<p>2011 exposition gite \u00ab\u00a0Pierre et Jasmin\u00a0\u00bb Lhospitalet<\/p>\n<p>2012 journ\u00e9e des arts Castelnau-Montratier<\/p>\n<p>2013 et 2014 exposition collective salle des f\u00eates de Lhospitalet<\/p>\n<p>2014 exposition individuelle\u00e0 Cahors galerie Carr\u00e9 d&rsquo;Art<\/p>\n<p>2016 exposition individuelle \u00e0 Cajarc galerie l&rsquo;Art en pente douce<\/p>\n<p>juillet 2017, 2018 cr\u00e9ation de l\u2019\u00e9v\u00e9nement\u00a0\u00bbl&rsquo;art en chemin\u00a0\u00bb parcours \u00e0 pied entre 2 ateliers (Ventaillac , l&rsquo;Estang \u00e0 Pern) avec participation d&rsquo;artistes locaux pendant une semaine .<\/p>\n<p>septembre 2017 , exposition \u00e0 Laroque des Arcs (Laroque des arts) sur le th\u00e8me de \u00ab\u00a0l&rsquo;arbre\u00a0\u00bb<\/p>\n<p>2019 exposition (aquarelles et sculptures) du 12 au 31 juillet aux ateliers de Ventaillac.<\/p>\n<p>2020 ouverture de l&rsquo;atelier dans le cadre de l&rsquo;animation \u00a0\u00bbportes ouvertes des ateliers d&rsquo;artistes d&rsquo;Occitanie\u00a0\u00bb<\/p>\n<p>2021 exposition individuelle lors du festival Festic\u00e9ou \u00e0 Concor\u00e8s<\/p>\n<p>2022 exposition collective \u00e0 la Maison Jacob \u00e0 Castelnau Montratier mini format<\/p>\n<p>2023 exposition individuelle \u00e0 Esp\u00e9daillac<\/p>\n<p>2024 avril exposition galerie La Singuli\u00e8re \u00e0 Puylaroque (82)<\/p>\n<p>2024&nbsp; ao\u00fbt exposition collective Hollande\/France \u00e0 Ventaillac (46) apr\u00e8s une semaine de&nbsp; &nbsp; &nbsp; &nbsp; &nbsp; &nbsp; travail en juin 1 oeuvre par jour sur une semaine (7 aquarelles)<\/p>\n<p>2025 ao\u00fbt exposition collective Hollande\/France \u00e0 Ventaillac (46) apr\u00e8s une semaine de travail en juin sur une po\u00e9sie (5 sculptures en pierre sur une po\u00e9sie de charles d&rsquo;Orl\u00e9ans<\/p>\n<p>2025 octobre ouverture de mon atelier dans le cadre de l&rsquo;ouverture des ateliers d&rsquo;artiste d&rsquo;occitanie<\/p>\n<p>Depuis quelques ann\u00e9es j&rsquo;explore diff\u00e9rents th\u00e8mes en peinture (aquarelle et huile) :&nbsp; &nbsp; &nbsp; &nbsp; &nbsp; &nbsp; &nbsp; &nbsp; &nbsp; &nbsp;\u00a0\u00bb les labyrinthes de pens\u00e9es \u00ab\u00a0,&nbsp; \u00ab\u00a0les chemins de vie \u00a0\u00bb , \u00ab\u00a0les songes\u00a0\u00bb ,&nbsp; \u00ab\u00a0les paysages int\u00e9rieurs\u00a0\u00bb et&nbsp; plus r\u00e9cemment \u00ab\u00a0le lien\u00a0\u00bb. En sculpture , j&rsquo;ai travaill\u00e9 essentiellement autour de 2 grandes s\u00e9ries:&nbsp; \u00ab\u00a0les totems\u00a0\u00bb et&nbsp; \u00ab\u00a0les portes\u00a0\u00bb mais depuis peu j&rsquo;ai repris un travail figuratif sur \u00ab\u00a0le nu f\u00e9minin\u00a0\u00bb et \u00ab\u00a0les tours\u00a0\u00bb .<\/p>\n","protected":false},"excerpt":{"rendered":"<p>N\u00e9 le 9 mai 1960 \u00e0 Rochefort sur mer,&nbsp; 3 enfants Etudes \u00e0 Cahors (\u00e9cole coll\u00e8ge et lyc\u00e9e) de 1966 \u00e0 1978 Etudes \u00e0 l\u2019Ecole Normale de Cahors de 1980 \u00e0 1983 Enseigne&nbsp; de 1983 \u00e0 1987 en \u00e9coles \u00e9l\u00e9mentaires &hellip; <a href=\"http:\/\/joseph-bruno.fr\/?page_id=5\">Continuer la lecture <span class=\"meta-nav\">&rarr;<\/span><\/a><\/p>\n","protected":false},"author":1,"featured_media":0,"parent":0,"menu_order":0,"comment_status":"open","ping_status":"open","template":"","meta":{"_monsterinsights_skip_tracking":false,"_monsterinsights_sitenote_active":false,"_monsterinsights_sitenote_note":"","_monsterinsights_sitenote_category":0,"ngg_post_thumbnail":0,"footnotes":""},"class_list":["post-5","page","type-page","status-publish","hentry"],"_links":{"self":[{"href":"http:\/\/joseph-bruno.fr\/index.php?rest_route=\/wp\/v2\/pages\/5"}],"collection":[{"href":"http:\/\/joseph-bruno.fr\/index.php?rest_route=\/wp\/v2\/pages"}],"about":[{"href":"http:\/\/joseph-bruno.fr\/index.php?rest_route=\/wp\/v2\/types\/page"}],"author":[{"embeddable":true,"href":"http:\/\/joseph-bruno.fr\/index.php?rest_route=\/wp\/v2\/users\/1"}],"replies":[{"embeddable":true,"href":"http:\/\/joseph-bruno.fr\/index.php?rest_route=%2Fwp%2Fv2%2Fcomments&post=5"}],"version-history":[{"count":14,"href":"http:\/\/joseph-bruno.fr\/index.php?rest_route=\/wp\/v2\/pages\/5\/revisions"}],"predecessor-version":[{"id":1227,"href":"http:\/\/joseph-bruno.fr\/index.php?rest_route=\/wp\/v2\/pages\/5\/revisions\/1227"}],"wp:attachment":[{"href":"http:\/\/joseph-bruno.fr\/index.php?rest_route=%2Fwp%2Fv2%2Fmedia&parent=5"}],"curies":[{"name":"wp","href":"https:\/\/api.w.org\/{rel}","templated":true}]}}